{"id":1768,"date":"2025-03-04T18:34:40","date_gmt":"2025-03-04T18:34:40","guid":{"rendered":"http:\/\/dikmenmetal.com\/?page_id=1768"},"modified":"2025-06-12T15:37:31","modified_gmt":"2025-06-12T15:37:31","slug":"catalogues","status":"publish","type":"page","link":"http:\/\/dikmenmetal.com\/en\/catalogues\/","title":{"rendered":"Catalogues"},"content":{"rendered":"<div data-elementor-type=\"wp-page\" data-elementor-id=\"1768\" class=\"elementor elementor-1768\">\n\t\t\t\t<div class=\"elementor-element elementor-element-f9d2734 e-flex e-con-boxed e-con e-parent\" data-id=\"f9d2734\" data-element_type=\"container\">\n\t\t\t\t\t<div class=\"e-con-inner\">\n\t\t\t\t<div class=\"elementor-element elementor-element-f4a4eff elementor-widget elementor-widget-cz_title\" data-id=\"f4a4eff\" data-element_type=\"widget\" data-widget_type=\"cz_title.default\">\n\t\t\t\t<div class=\"elementor-widget-container\">\n\t\t\t\t\t\t\r\n\t\t<div>\r\n\t\t\t<div class=\"cz_title clr cz_title_pos_inline\"><div class=\"cz_title_content\"><div class=\"cz_wpe_content\"><h1><strong><span style=\"color: #0000ff;\">2025<\/span> CATALOGUE<\/strong><\/h1><\/div><\/div><\/div>\r\n\t\t<\/div>\r\n\t\t\r\n\t\t\t\t\t\t<\/div>\n\t\t\t\t<\/div>\n\t\t\t\t<div class=\"elementor-element elementor-element-f0b1408 elementor-widget elementor-widget-shortcode\" data-id=\"f0b1408\" data-element_type=\"widget\" data-widget_type=\"shortcode.default\">\n\t\t\t\t<div class=\"elementor-widget-container\">\n\t\t\t\t\t\t\t<div class=\"elementor-shortcode\"><div class=\"_df_book df-lite\" id=\"df_1762\"  _slug=\"1762\" data-title=\"2025-dikmen-metal-katalog\" wpoptions=\"true\" thumbtype=\"\" ><\/div><script class=\"df-shortcode-script\" nowprocket type=\"application\/javascript\">window.option_df_1762 = {\"outline\":[],\"autoEnableOutline\":\"false\",\"autoEnableThumbnail\":\"false\",\"overwritePDFOutline\":\"false\",\"enableDownload\":\"false\",\"direction\":\"1\",\"pageSize\":\"0\",\"source\":\"http:\\\/\\\/dikmenmetal.com\\\/wp-content\\\/uploads\\\/2025\\\/03\\\/2025.pdf\",\"wpOptions\":\"true\"}; if(window.DFLIP && window.DFLIP.parseBooks){window.DFLIP.parseBooks();}<\/script><\/div>\n\t\t\t\t\t\t<\/div>\n\t\t\t\t<\/div>\n\t\t\t\t\t<\/div>\n\t\t\t\t<\/div>\n\t\t<div class=\"elementor-element elementor-element-eaaf190 e-flex e-con-boxed e-con e-parent\" data-id=\"eaaf190\" data-element_type=\"container\" data-no-translation=\"\">\n\t\t\t\t\t<div class=\"e-con-inner\">\n\t\t\t\t<div class=\"elementor-element elementor-element-d10cbea elementor-widget elementor-widget-cz_title\" data-id=\"d10cbea\" data-element_type=\"widget\" data-widget_type=\"cz_title.default\">\n\t\t\t\t<div class=\"elementor-widget-container\">\n\t\t\t\t\t\t\r\n\t\t<div>\r\n\t\t\t<div class=\"cz_title clr cz_title_pos_inline\"><div class=\"cz_title_content\"><div class=\"cz_wpe_content\"><h1><strong><span style=\"color: #0000ff;\">2025<\/span> Promotional Video<\/strong><\/h1><\/div><\/div><\/div>\r\n\t\t<\/div>\r\n\t\t\r\n\t\t\t\t\t\t<\/div>\n\t\t\t\t<\/div>\n\t\t\t\t<div class=\"elementor-element elementor-element-357ec61 elementor-widget elementor-widget-video\" data-id=\"357ec61\" data-element_type=\"widget\" data-settings=\"{&quot;youtube_url&quot;:&quot;https:\\\/\\\/youtu.be\\\/B-8gR26xOO0?si=ApkKI_4yS0G-J-9D&quot;,&quot;show_image_overlay&quot;:&quot;yes&quot;,&quot;image_overlay&quot;:{&quot;url&quot;:&quot;http:\\\/\\\/dikmenmetal.com\\\/wp-content\\\/uploads\\\/2025\\\/03\\\/Screenshot-2025-03-02-025955.png&quot;,&quot;id&quot;:1747,&quot;size&quot;:&quot;&quot;,&quot;alt&quot;:&quot;&quot;,&quot;source&quot;:&quot;library&quot;},&quot;lightbox&quot;:&quot;yes&quot;,&quot;video_type&quot;:&quot;youtube&quot;,&quot;controls&quot;:&quot;yes&quot;}\" data-widget_type=\"video.default\">\n\t\t\t\t<div class=\"elementor-widget-container\">\n\t\t\t\t\t\t\t<div class=\"elementor-wrapper elementor-open-lightbox\">\n\t\t\t\t\t\t\t<div class=\"elementor-custom-embed-image-overlay\" data-elementor-open-lightbox=\"yes\" data-elementor-lightbox=\"{&quot;type&quot;:&quot;video&quot;,&quot;videoType&quot;:&quot;youtube&quot;,&quot;url&quot;:&quot;https:\\\/\\\/www.youtube.com\\\/embed\\\/B-8gR26xOO0?feature=oembed&amp;start&amp;end&amp;wmode=opaque&amp;loop=0&amp;controls=1&amp;mute=0&amp;rel=0&amp;cc_load_policy=0&quot;,&quot;autoplay&quot;:&quot;&quot;,&quot;modalOptions&quot;:{&quot;id&quot;:&quot;elementor-lightbox-357ec61&quot;,&quot;entranceAnimation&quot;:&quot;&quot;,&quot;entranceAnimation_tablet&quot;:&quot;&quot;,&quot;entranceAnimation_mobile&quot;:&quot;&quot;,&quot;videoAspectRatio&quot;:&quot;169&quot;}}\" data-e-action-hash=\"#elementor-action%3Aaction%3Dlightbox%26settings%3DeyJ0eXBlIjoidmlkZW8iLCJ2aWRlb1R5cGUiOiJ5b3V0dWJlIiwidXJsIjoiaHR0cHM6XC9cL3d3dy55b3V0dWJlLmNvbVwvZW1iZWRcL0ItOGdSMjZ4T08wP2ZlYXR1cmU9b2VtYmVkJnN0YXJ0JmVuZCZ3bW9kZT1vcGFxdWUmbG9vcD0wJmNvbnRyb2xzPTEmbXV0ZT0wJnJlbD0wJmNjX2xvYWRfcG9saWN5PTAiLCJhdXRvcGxheSI6IiIsIm1vZGFsT3B0aW9ucyI6eyJpZCI6ImVsZW1lbnRvci1saWdodGJveC0zNTdlYzYxIiwiZW50cmFuY2VBbmltYXRpb24iOiIiLCJlbnRyYW5jZUFuaW1hdGlvbl90YWJsZXQiOiIiLCJlbnRyYW5jZUFuaW1hdGlvbl9tb2JpbGUiOiIiLCJ2aWRlb0FzcGVjdFJhdGlvIjoiMTY5In19\">\n\t\t\t\t\t\t\t\t\t\t\t<img fetchpriority=\"high\" decoding=\"async\" width=\"1856\" height=\"959\" src=\"data:image\/svg+xml,%3Csvg%20xmlns%3D&#39;http%3A%2F%2Fwww.w3.org%2F2000%2Fsvg&#39;%20width=&#39;1856&#39;%20height=&#39;959&#39;%20viewBox%3D&#39;0%200%201856%20959&#39;%2F%3E\" data-czlz data-src=\"http:\/\/dikmenmetal.com\/wp-content\/uploads\/2025\/03\/Screenshot-2025-03-02-025955.png\" class=\"attachment-full size-full wp-image-1747\" alt=\"\" data-srcset=\"http:\/\/dikmenmetal.com\/wp-content\/uploads\/2025\/03\/Screenshot-2025-03-02-025955.png 1856w, http:\/\/dikmenmetal.com\/wp-content\/uploads\/2025\/03\/Screenshot-2025-03-02-025955-300x155.png 300w, http:\/\/dikmenmetal.com\/wp-content\/uploads\/2025\/03\/Screenshot-2025-03-02-025955-1024x529.png 1024w, http:\/\/dikmenmetal.com\/wp-content\/uploads\/2025\/03\/Screenshot-2025-03-02-025955-768x397.png 768w, http:\/\/dikmenmetal.com\/wp-content\/uploads\/2025\/03\/Screenshot-2025-03-02-025955-1536x794.png 1536w, http:\/\/dikmenmetal.com\/wp-content\/uploads\/2025\/03\/Screenshot-2025-03-02-025955-18x9.png 18w, http:\/\/dikmenmetal.com\/wp-content\/uploads\/2025\/03\/Screenshot-2025-03-02-025955-600x310.png 600w, http:\/\/dikmenmetal.com\/wp-content\/uploads\/2025\/03\/Screenshot-2025-03-02-025955-1000x517.png 1000w\" data-sizes=\"(max-width: 1856px) 100vw, 1856px\" \/>\t\t\t\t\t\t\t\t\t\t\t\t\t\t\t\t<div class=\"elementor-custom-embed-play\" role=\"button\" aria-label=\"Play Video\" tabindex=\"0\">\n\t\t\t\t\t\t\t<i aria-hidden=\"true\" class=\"eicon-play\"><\/i>\t\t\t\t\t\t<\/div>\n\t\t\t\t\t\t\t\t\t<\/div>\n\t\t\t\t\t<\/div>\n\t\t\t\t\t\t<\/div>\n\t\t\t\t<\/div>\n\t\t\t\t\t<\/div>\n\t\t\t\t<\/div>\n\t\t\t\t<\/div>","protected":false},"excerpt":{"rendered":"<p>2025 KATALOG 2025 TANITIM F\u0130LM\u0130M\u0130Z 2025 Promotional Video &#8230; <\/p>","protected":false},"author":1,"featured_media":0,"parent":0,"menu_order":0,"comment_status":"closed","ping_status":"closed","template":"","meta":{"footnotes":""},"class_list":["post-1768","page","type-page","status-publish","hentry"],"_links":{"self":[{"href":"http:\/\/dikmenmetal.com\/en\/wp-json\/wp\/v2\/pages\/1768","targetHints":{"allow":["GET"]}}],"collection":[{"href":"http:\/\/dikmenmetal.com\/en\/wp-json\/wp\/v2\/pages"}],"about":[{"href":"http:\/\/dikmenmetal.com\/en\/wp-json\/wp\/v2\/types\/page"}],"author":[{"embeddable":true,"href":"http:\/\/dikmenmetal.com\/en\/wp-json\/wp\/v2\/users\/1"}],"replies":[{"embeddable":true,"href":"http:\/\/dikmenmetal.com\/en\/wp-json\/wp\/v2\/comments?post=1768"}],"version-history":[{"count":3,"href":"http:\/\/dikmenmetal.com\/en\/wp-json\/wp\/v2\/pages\/1768\/revisions"}],"predecessor-version":[{"id":2073,"href":"http:\/\/dikmenmetal.com\/en\/wp-json\/wp\/v2\/pages\/1768\/revisions\/2073"}],"wp:attachment":[{"href":"http:\/\/dikmenmetal.com\/en\/wp-json\/wp\/v2\/media?parent=1768"}],"curies":[{"name":"wp","href":"https:\/\/api.w.org\/{rel}","templated":true}]}}